{"id":101,"date":"2021-03-11T10:21:16","date_gmt":"2021-03-11T10:21:16","guid":{"rendered":"https:\/\/www.autoservisdrobil.cz\/?page_id=101"},"modified":"2023-10-23T10:39:06","modified_gmt":"2023-10-23T10:39:06","slug":"kariera","status":"publish","type":"page","link":"https:\/\/www.autoservisdrobil.cz\/index.php\/kariera\/","title":{"rendered":"Kari\u00e9ra"},"content":{"rendered":"\n<pre class=\"wp-block-preformatted\"><strong><em>Hled\u00e1me nov\u00e9 spolupracovn\u00edky!<\/em><\/strong><\/pre>\n\n\n\n<p>Dok\u00e1\u017eete pracovat samostatn\u011b, pe\u010dliv\u011b, spolehliv\u011b a zodpov\u011bdn\u011b? Pak jsou tyto pozice pr\u00e1v\u011b pro V\u00e1s. Hled\u00e1me \u010dlov\u011bka, kter\u00e9mu je na\u0161e bran\u017ee bl\u00edzk\u00e1, a kter\u00fd se neboj\u00ed fyzick\u00e9 pr\u00e1ce.<\/p>\n\n\n\n<p>V\u00fdborn\u00e9 pracovn\u00ed v\u00fdsledky, ochotu a pracovn\u00ed nasazen\u00ed rozhodn\u011b um\u00edme ocenit.<\/p>\n\n\n\n<p>Hled\u00e1me pracovn\u00edky na tyto pozice:<\/p>\n\n\n\n<ul><li><strong><em>Autoelektrik\u00e1\u0159<\/em><\/strong><\/li><li><strong><em>Automechanik<\/em><\/strong><\/li><\/ul>\n\n\n\n<p>V p\u0159\u00edpad\u011b z\u00e1jmu za\u0161lete V\u00e1\u0161 \u017eivotopis na email: <strong><a href=\"mailto:drobil@autoservisdrobil.cz\">info@autoservisdrobil.cz<\/a><\/strong><\/p>\n\n\n\n<p>Kontaktn\u00ed osoba: Pavla Drobilov\u00e1, mobil:<strong> +420 606 802 870<\/strong><\/p>\n\n\n\n<h2> <\/h2>\n\n\n\n<h2> <\/h2>\n\n\n\n<p><\/p>\n","protected":false},"excerpt":{"rendered":"<p>Hled\u00e1me nov\u00e9 spolupracovn\u00edky! Dok\u00e1\u017eete pracovat samostatn\u011b, pe\u010dliv\u011b, spolehliv\u011b a zodpov\u011bdn\u011b? Pak jsou tyto pozice pr\u00e1v\u011b pro V\u00e1s. Hled\u00e1me \u010dlov\u011bka, kter\u00e9mu je na\u0161e bran\u017ee bl\u00edzk\u00e1, a kter\u00fd se neboj\u00ed fyzick\u00e9 pr\u00e1ce. V\u00fdborn\u00e9 pracovn\u00ed v\u00fdsledky, ochotu a pracovn\u00ed nasazen\u00ed rozhodn\u011b um\u00edme ocenit. Hled\u00e1me pracovn\u00edky na tyto pozice: Autoelektrik\u00e1\u0159 Automechanik V p\u0159\u00edpad\u011b z\u00e1jmu za\u0161lete V\u00e1\u0161 \u017eivotopis na email: info@autoservisdrobil.cz Kontaktn\u00ed osoba: Pavla Drobilov\u00e1, mobil: +420 606 802 870<\/p>\n","protected":false},"author":1,"featured_media":0,"parent":0,"menu_order":0,"comment_status":"closed","ping_status":"closed","template":"","meta":[],"_links":{"self":[{"href":"https:\/\/www.autoservisdrobil.cz\/index.php\/wp-json\/wp\/v2\/pages\/101"}],"collection":[{"href":"https:\/\/www.autoservisdrobil.cz\/index.php\/wp-json\/wp\/v2\/pages"}],"about":[{"href":"https:\/\/www.autoservisdrobil.cz\/index.php\/wp-json\/wp\/v2\/types\/page"}],"author":[{"embeddable":true,"href":"https:\/\/www.autoservisdrobil.cz\/index.php\/wp-json\/wp\/v2\/users\/1"}],"replies":[{"embeddable":true,"href":"https:\/\/www.autoservisdrobil.cz\/index.php\/wp-json\/wp\/v2\/comments?post=101"}],"version-history":[{"count":6,"href":"https:\/\/www.autoservisdrobil.cz\/index.php\/wp-json\/wp\/v2\/pages\/101\/revisions"}],"predecessor-version":[{"id":256,"href":"https:\/\/www.autoservisdrobil.cz\/index.php\/wp-json\/wp\/v2\/pages\/101\/revisions\/256"}],"wp:attachment":[{"href":"https:\/\/www.autoservisdrobil.cz\/index.php\/wp-json\/wp\/v2\/media?parent=101"}],"curies":[{"name":"wp","href":"https:\/\/api.w.org\/{rel}","templated":true}]}}