{"id":8,"date":"2021-03-02T11:39:50","date_gmt":"2021-03-02T11:39:50","guid":{"rendered":"http:\/\/www.autoservisdrobil.cz\/?page_id=8"},"modified":"2026-01-26T09:38:26","modified_gmt":"2026-01-26T09:38:26","slug":"kontakt","status":"publish","type":"page","link":"https:\/\/www.autoservisdrobil.cz\/index.php\/kontakt\/","title":{"rendered":"Kontakt"},"content":{"rendered":"\n<p><\/p>\n\n\n\n<p>Adresa provozovny:<\/p>\n\n\n\n<p><strong>Autoservis Drobil s.r.o.<\/strong><\/p>\n\n\n\n<p><strong>Holick\u00e1 29 , 779 00 Olomouc<\/strong><\/p>\n\n\n\n<p><a href=\"https:\/\/goo.gl\/maps\/xV9bUToy4zKDwYFh6\">https:\/\/goo.gl\/maps\/xV9bUToy4zKDwYFh6<\/a><\/p>\n\n\n\n<p><a href=\"https:\/\/mapy.cz\/s\/medomozamu\">https:\/\/mapy.cz\/s\/medomozamu<\/a><\/p>\n\n\n\n<p>Otev\u0159eno : <strong>pond\u011bl\u00ed &#8211; p\u00e1tek = 7:00 a\u017e 15:30 hodin<\/strong><\/p>\n\n\n\n<p>Email: <strong><a href=\"mailto:info@autoservisdrobil.cz\">info@autoservisdrobil.cz<\/a><\/strong><\/p>\n\n\n\n<hr class=\"wp-block-separator\"\/>\n\n\n\n<p>P\u0159\u00edjem zak\u00e1zek a oprav :<\/p>\n\n\n\n<p><strong>Monika Posp\u00ed\u0161ilov\u00e1<\/strong><\/p>\n\n\n\n<p>Mobil: <strong>+420 606 760 626<\/strong><\/p>\n\n\n\n<p>Email: <strong><a href=\"mailto:info@autoservisdrobil.cz\">info@autoservisdrobil.cz<\/a><\/strong><\/p>\n\n\n\n<hr class=\"wp-block-separator\"\/>\n\n\n\n<hr class=\"wp-block-separator\"\/>\n\n\n\n<p>I\u010cO: <strong>09957111<\/strong><\/p>\n\n\n\n<p>DI\u010c: <strong>CZ09957111<\/strong><\/p>\n\n\n\n<p>Bankovn\u00ed \u00fa\u010det: <strong>123 &#8211; 3661770217 \/ 0100 KB Olomouc<\/strong><\/p>\n\n\n\n<p>Spisov\u00e1 zna\u010dka: <strong>C 84900 veden\u00e1 u Krajsk\u00e9ho soudu v Ostrav\u011b<\/strong><\/p>\n\n\n\n<hr class=\"wp-block-separator\"\/>\n\n\n\n<p>S\u00eddlo firmy = faktura\u010dn\u00ed adresa :<\/p>\n\n\n\n<p><strong>Autoservis Drobil s.r.o<\/strong><\/p>\n\n\n\n<p><strong>Trnkova 542\/32, 779 00 Olomouc<\/strong><\/p>\n\n\n\n<p>jednatel spole\u010dnosti : <\/p>\n\n\n\n<p><strong>Pavla Drobilov\u00e1<\/strong><\/p>\n\n\n\n<p>Mobil : <strong>+420 606 802 870<\/strong><\/p>\n\n\n\n<p>Email: <strong><strong><a href=\"mailto:drobil@autoservisdrobil.cz\">drobil@autoservisdrobil.cz<\/a><\/strong><\/strong><\/p>\n\n\n\n<figure class=\"wp-block-image size-large\"><img loading=\"lazy\" width=\"1024\" height=\"768\" src=\"http:\/\/www.autoservisdrobil.cz\/wp-content\/uploads\/2023\/01\/cropped-image0-scaled-1-1024x768.jpeg\" alt=\"\" class=\"wp-image-181\" srcset=\"https:\/\/www.autoservisdrobil.cz\/wp-content\/uploads\/2023\/01\/cropped-image0-scaled-1-1024x768.jpeg 1024w, https:\/\/www.autoservisdrobil.cz\/wp-content\/uploads\/2023\/01\/cropped-image0-scaled-1-300x225.jpeg 300w, https:\/\/www.autoservisdrobil.cz\/wp-content\/uploads\/2023\/01\/cropped-image0-scaled-1-768x576.jpeg 768w, https:\/\/www.autoservisdrobil.cz\/wp-content\/uploads\/2023\/01\/cropped-image0-scaled-1-1536x1152.jpeg 1536w, https:\/\/www.autoservisdrobil.cz\/wp-content\/uploads\/2023\/01\/cropped-image0-scaled-1-2048x1536.jpeg 2048w, https:\/\/www.autoservisdrobil.cz\/wp-content\/uploads\/2023\/01\/cropped-image0-scaled-1-678x509.jpeg 678w, https:\/\/www.autoservisdrobil.cz\/wp-content\/uploads\/2023\/01\/cropped-image0-scaled-1-326x245.jpeg 326w, https:\/\/www.autoservisdrobil.cz\/wp-content\/uploads\/2023\/01\/cropped-image0-scaled-1-80x60.jpeg 80w\" sizes=\"(max-width: 1024px) 100vw, 1024px\" \/><\/figure>\n\n\n\n<figure class=\"wp-block-image size-large\"><img loading=\"lazy\" width=\"1024\" height=\"768\" src=\"http:\/\/www.autoservisdrobil.cz\/wp-content\/uploads\/2023\/01\/image2-1024x768.jpeg\" alt=\"\" class=\"wp-image-176\" srcset=\"https:\/\/www.autoservisdrobil.cz\/wp-content\/uploads\/2023\/01\/image2-1024x768.jpeg 1024w, https:\/\/www.autoservisdrobil.cz\/wp-content\/uploads\/2023\/01\/image2-300x225.jpeg 300w, https:\/\/www.autoservisdrobil.cz\/wp-content\/uploads\/2023\/01\/image2-768x576.jpeg 768w, https:\/\/www.autoservisdrobil.cz\/wp-content\/uploads\/2023\/01\/image2-1536x1152.jpeg 1536w, https:\/\/www.autoservisdrobil.cz\/wp-content\/uploads\/2023\/01\/image2-2048x1536.jpeg 2048w, https:\/\/www.autoservisdrobil.cz\/wp-content\/uploads\/2023\/01\/image2-678x509.jpeg 678w, https:\/\/www.autoservisdrobil.cz\/wp-content\/uploads\/2023\/01\/image2-326x245.jpeg 326w, https:\/\/www.autoservisdrobil.cz\/wp-content\/uploads\/2023\/01\/image2-80x60.jpeg 80w\" sizes=\"(max-width: 1024px) 100vw, 1024px\" \/><\/figure>\n\n\n\n<figure class=\"wp-block-image size-large is-style-default\"><img loading=\"lazy\" width=\"565\" height=\"463\" src=\"https:\/\/www.autoservisdrobil.cz\/wp-content\/uploads\/2023\/10\/IMG_20231018_130952-1-565x463.jpg\" alt=\"\" class=\"wp-image-272\"\/><\/figure>\n\n\n\n<p><\/p>\n","protected":false},"excerpt":{"rendered":"<p>Adresa provozovny: Autoservis Drobil s.r.o. Holick\u00e1 29 , 779 00 Olomouc https:\/\/goo.gl\/maps\/xV9bUToy4zKDwYFh6 https:\/\/mapy.cz\/s\/medomozamu Otev\u0159eno : pond\u011bl\u00ed &#8211; p\u00e1tek = 7:00 a\u017e 15:30 hodin Email: info@autoservisdrobil.cz P\u0159\u00edjem zak\u00e1zek a oprav : Monika Posp\u00ed\u0161ilov\u00e1 Mobil: +420 606 760 626 Email: info@autoservisdrobil.cz I\u010cO: 09957111 DI\u010c: CZ09957111 Bankovn\u00ed \u00fa\u010det: 123 &#8211; 3661770217 \/ 0100 KB Olomouc Spisov\u00e1 zna\u010dka: C 84900 veden\u00e1 u Krajsk\u00e9ho soudu v Ostrav\u011b S\u00eddlo firmy = faktura\u010dn\u00ed adresa : Autoservis Drobil s.r.o Trnkova 542\/32, 779 00 Olomouc jednatel spole\u010dnosti : Pavla Drobilov\u00e1 Mobil : +420 606 802 870 Email: drobil@autoservisdrobil.cz<\/p>\n","protected":false},"author":1,"featured_media":275,"parent":0,"menu_order":0,"comment_status":"closed","ping_status":"closed","template":"","meta":[],"_links":{"self":[{"href":"https:\/\/www.autoservisdrobil.cz\/index.php\/wp-json\/wp\/v2\/pages\/8"}],"collection":[{"href":"https:\/\/www.autoservisdrobil.cz\/index.php\/wp-json\/wp\/v2\/pages"}],"about":[{"href":"https:\/\/www.autoservisdrobil.cz\/index.php\/wp-json\/wp\/v2\/types\/page"}],"author":[{"embeddable":true,"href":"https:\/\/www.autoservisdrobil.cz\/index.php\/wp-json\/wp\/v2\/users\/1"}],"replies":[{"embeddable":true,"href":"https:\/\/www.autoservisdrobil.cz\/index.php\/wp-json\/wp\/v2\/comments?post=8"}],"version-history":[{"count":20,"href":"https:\/\/www.autoservisdrobil.cz\/index.php\/wp-json\/wp\/v2\/pages\/8\/revisions"}],"predecessor-version":[{"id":274,"href":"https:\/\/www.autoservisdrobil.cz\/index.php\/wp-json\/wp\/v2\/pages\/8\/revisions\/274"}],"wp:featuredmedia":[{"embeddable":true,"href":"https:\/\/www.autoservisdrobil.cz\/index.php\/wp-json\/wp\/v2\/media\/275"}],"wp:attachment":[{"href":"https:\/\/www.autoservisdrobil.cz\/index.php\/wp-json\/wp\/v2\/media?parent=8"}],"curies":[{"name":"wp","href":"https:\/\/api.w.org\/{rel}","templated":true}]}}